{"id":7,"date":"2025-11-05T15:35:14","date_gmt":"2025-11-05T15:35:14","guid":{"rendered":"https:\/\/faicom.activions.com\/?page_id=7"},"modified":"2026-01-23T08:43:57","modified_gmt":"2026-01-23T08:43:57","slug":"home-es","status":"publish","type":"page","link":"https:\/\/faicom.activions.com\/es\/","title":{"rendered":"Home ES"},"content":{"rendered":"\t\t<div data-elementor-type=\"wp-page\" data-elementor-id=\"7\" class=\"elementor elementor-7\" data-elementor-post-type=\"page\">\n\t\t\t\t<div class=\"elementor-element elementor-element-b25eb56 e-flex e-con-boxed e-con e-parent\" data-id=\"b25eb56\" data-element_type=\"container\">\n\t\t\t\t\t<div class=\"e-con-inner\">\n\t\t\t\t\t<\/div>\n\t\t\t\t<\/div>\n\t\t<div class=\"elementor-element elementor-element-2a0d841 e-flex e-con-boxed e-con e-parent\" data-id=\"2a0d841\" data-element_type=\"container\">\n\t\t\t\t\t<div class=\"e-con-inner\">\n\t\t\t\t<div class=\"elementor-element elementor-element-6438e75 elementor-widget elementor-widget-heading\" data-id=\"6438e75\" data-element_type=\"widget\" data-widget_type=\"heading.default\">\n\t\t\t\t\t<h2 class=\"elementor-heading-title elementor-size-default\">Descubre nuestro cat\u00e1logo<\/h2>\t\t\t\t<\/div>\n\t\t\t\t<div class=\"elementor-element elementor-element-a83984e elementor-widget elementor-widget-text-editor\" data-id=\"a83984e\" data-element_type=\"widget\" data-widget_type=\"text-editor.default\">\n\t\t\t\t\t\t\t\t\t<p>Fabricaci\u00f3n de envases de cart\u00f3n, displays, expositores, cajas, etiquetas, colgadores, envases de laboratorio, envase de fondo autom\u00e1tico, envases para pizza, envases para palomitas, envases para patatas fritas, envases de 4 puntos, envases de microcanal y mucho m\u00e1s.<\/p>\t\t\t\t\t\t\t\t<\/div>\n\t\t\t\t\t<\/div>\n\t\t\t\t<\/div>\n\t\t<div class=\"elementor-element elementor-element-6909e31 e-flex e-con-boxed e-con e-parent\" data-id=\"6909e31\" data-element_type=\"container\">\n\t\t\t\t\t<div class=\"e-con-inner\">\n\t\t\t\t<div class=\"elementor-element elementor-element-0c88ddf elementor-pagination-type-bullets elementor-arrows-position-inside elementor-pagination-position-outside elementor-widget elementor-widget-loop-carousel\" data-id=\"0c88ddf\" data-element_type=\"widget\" data-settings=\"{&quot;_skin&quot;:&quot;post_taxonomy&quot;,&quot;template_id&quot;:3012,&quot;slides_to_show&quot;:&quot;4&quot;,&quot;slides_to_show_tablet&quot;:&quot;2&quot;,&quot;slides_to_show_mobile&quot;:&quot;1&quot;,&quot;slides_to_scroll&quot;:&quot;1&quot;,&quot;edit_handle_selector&quot;:&quot;.elementor-loop-container&quot;,&quot;speed&quot;:500,&quot;arrows&quot;:&quot;yes&quot;,&quot;pagination&quot;:&quot;bullets&quot;,&quot;image_spacing_custom&quot;:{&quot;unit&quot;:&quot;px&quot;,&quot;size&quot;:10,&quot;sizes&quot;:[]},&quot;image_spacing_custom_tablet&quot;:{&quot;unit&quot;:&quot;px&quot;,&quot;size&quot;:&quot;&quot;,&quot;sizes&quot;:[]},&quot;image_spacing_custom_mobile&quot;:{&quot;unit&quot;:&quot;px&quot;,&quot;size&quot;:&quot;&quot;,&quot;sizes&quot;:[]}}\" data-widget_type=\"loop-carousel.post_taxonomy\">\n\t\t\t\t\t\t\t<div class=\"swiper elementor-loop-container elementor-grid\" role=\"list\" dir=\"ltr\">\n\t\t\t\t<div class=\"swiper-wrapper\" aria-live=\"polite\">\n\t\t<style id=\"loop-3012\">.elementor-3012 .elementor-element.elementor-element-872e1da{--display:flex;--flex-direction:column;--container-widget-width:100%;--container-widget-height:initial;--container-widget-flex-grow:0;--container-widget-align-self:initial;--flex-wrap-mobile:wrap;--justify-content:space-between;--gap:0px 0px;--row-gap:0px;--column-gap:0px;--overflow:hidden;--background-transition:0.3s;--border-radius:26px 26px 26px 26px;--padding-top:0px;--padding-bottom:0px;--padding-left:0px;--padding-right:0px;}.elementor-3012 .elementor-element.elementor-element-872e1da:hover::before, .elementor-3012 .elementor-element.elementor-element-872e1da:hover > .elementor-background-video-container::before, .elementor-3012 .elementor-element.elementor-element-872e1da:hover > .e-con-inner > .elementor-background-video-container::before, .elementor-3012 .elementor-element.elementor-element-872e1da > .elementor-background-slideshow:hover::before, .elementor-3012 .elementor-element.elementor-element-872e1da > .e-con-inner > .elementor-background-slideshow:hover::before{--background-overlay:'';}.elementor-3012 .elementor-element.elementor-element-872e1da:hover{--overlay-opacity:0.7;box-shadow:0px 0px 10px 0px rgba(0, 0, 0, 0.19);}.elementor-widget-image .widget-image-caption{color:var( --e-global-color-text );font-family:var( --e-global-typography-text-font-family ), Sans-serif;font-weight:var( --e-global-typography-text-font-weight );}.elementor-3012 .elementor-element.elementor-element-594d336{--display:flex;--min-height:69px;--flex-direction:column;--container-widget-width:calc( ( 1 - var( --container-widget-flex-grow ) ) * 100% );--container-widget-height:initial;--container-widget-flex-grow:0;--container-widget-align-self:initial;--flex-wrap-mobile:wrap;--justify-content:center;--align-items:flex-start;--padding-top:0px;--padding-bottom:0px;--padding-left:0px;--padding-right:0px;}.elementor-3012 .elementor-element.elementor-element-594d336:not(.elementor-motion-effects-element-type-background), .elementor-3012 .elementor-element.elementor-element-594d336 > .elementor-motion-effects-container > .elementor-motion-effects-layer{background-color:var( --e-global-color-3782ea3 );}.elementor-widget-heading .elementor-heading-title{font-family:var( --e-global-typography-primary-font-family ), Sans-serif;font-weight:var( --e-global-typography-primary-font-weight );color:var( --e-global-color-primary );}.elementor-3012 .elementor-element.elementor-element-b1db6e8{padding:0px 10px 0px 16px;border-radius:0px 0px 0px 0px;text-align:start;}.elementor-3012 .elementor-element.elementor-element-b1db6e8 .elementor-heading-title{font-family:\"Roboto\", Sans-serif;font-size:21px;font-weight:500;text-transform:uppercase;line-height:23px;color:var( --e-global-color-51df173 );}\/* Start custom CSS for container, class: .elementor-element-872e1da *\/.elementor-3012 .elementor-element.elementor-element-872e1da:hover {\n        transform: scale(1.01);\n}\/* End custom CSS *\/<\/style>\t\t<div data-elementor-type=\"loop-item\" data-elementor-id=\"3012\" class=\"elementor elementor-3012 swiper-slide e-loop-item e-loop-item-49 post-49 attachment type-attachment status-inherit hentry\" data-elementor-post-type=\"elementor_library\" role=\"group\" aria-roledescription=\"slide\" data-custom-edit-handle=\"1\">\n\t\t\t<div class=\"elementor-element elementor-element-872e1da e-flex e-con-boxed e-con e-parent\" data-id=\"872e1da\" data-element_type=\"container\" data-settings=\"{&quot;background_background&quot;:&quot;classic&quot;}\">\n\t\t\t\t\t<div class=\"e-con-inner\">\n\t\t\t\t<div class=\"elementor-element elementor-element-fe2c430 dce_masking-none elementor-widget elementor-widget-image\" data-id=\"fe2c430\" data-element_type=\"widget\" data-widget_type=\"image.default\">\n\t\t\t\t\t\t\t\t\t\t\t\t\t\t\t\t<a href=\"https:\/\/faicom.activions.com\/es\/catalogo\/textil\/\">\n\t\t\t\t\t\t\t<img decoding=\"async\" src=\"https:\/\/faicom.activions.com\/wp-content\/uploads\/elementor\/thumbs\/packaging-para-Textil-rhxe0ipjjgnk1dt8soljnmma6yd5cw3xcw0d3qzs8o.webp\" title=\"Packaging para Textil\" alt=\"Packaging para Textil\" loading=\"lazy\" \/>\t\t\t\t\t\t\t\t<\/a>\n\t\t\t\t\t\t\t\t\t\t\t\t\t\t\t<\/div>\n\t\t<a class=\"elementor-element elementor-element-594d336 e-con-full e-flex e-con e-child\" data-id=\"594d336\" data-element_type=\"container\" data-settings=\"{&quot;background_background&quot;:&quot;classic&quot;}\" href=\"https:\/\/faicom.activions.com\/es\/catalogo\/textil\/\">\n\t\t\t\t<div data-dce-title-color=\"#FFFFFF\" class=\"elementor-element elementor-element-b1db6e8 elementor-widget elementor-widget-heading\" data-id=\"b1db6e8\" data-element_type=\"widget\" data-widget_type=\"heading.default\">\n\t\t\t\t\t<h4 class=\"elementor-heading-title elementor-size-default\">Textil<\/h4>\t\t\t\t<\/div>\n\t\t\t\t<\/a>\n\t\t\t\t\t<\/div>\n\t\t\t\t<\/div>\n\t\t\t\t<\/div>\n\t\t\t\t<div data-elementor-type=\"loop-item\" data-elementor-id=\"3012\" class=\"elementor elementor-3012 swiper-slide e-loop-item e-loop-item-48 post-48 page type-page status-publish has-post-thumbnail hentry\" data-elementor-post-type=\"elementor_library\" role=\"group\" aria-roledescription=\"slide\" data-custom-edit-handle=\"1\">\n\t\t\t<div class=\"elementor-element elementor-element-872e1da e-flex e-con-boxed e-con e-parent\" data-id=\"872e1da\" data-element_type=\"container\" data-settings=\"{&quot;background_background&quot;:&quot;classic&quot;}\">\n\t\t\t\t\t<div class=\"e-con-inner\">\n\t\t\t\t<div class=\"elementor-element elementor-element-fe2c430 dce_masking-none elementor-widget elementor-widget-image\" data-id=\"fe2c430\" data-element_type=\"widget\" data-widget_type=\"image.default\">\n\t\t\t\t\t\t\t\t\t\t\t\t\t\t\t\t<a href=\"https:\/\/faicom.activions.com\/es\/catalogo\/perfumeria-y-cosmetica\/\">\n\t\t\t\t\t\t\t<img decoding=\"async\" src=\"https:\/\/faicom.activions.com\/wp-content\/uploads\/elementor\/thumbs\/packaging-para-perfumeria-y-cosmetica-rhxe0fw0yyjp2jxc95dny5bwesr1pssqci1wnx3yrc.webp\" title=\"Packaging para perfumer\u00eda y cosm\u00e9tica\" alt=\"Packaging para perfumer\u00eda y cosm\u00e9tica\" loading=\"lazy\" \/>\t\t\t\t\t\t\t\t<\/a>\n\t\t\t\t\t\t\t\t\t\t\t\t\t\t\t<\/div>\n\t\t<a class=\"elementor-element elementor-element-594d336 e-con-full e-flex e-con e-child\" data-id=\"594d336\" data-element_type=\"container\" data-settings=\"{&quot;background_background&quot;:&quot;classic&quot;}\" href=\"https:\/\/faicom.activions.com\/es\/catalogo\/perfumeria-y-cosmetica\/\">\n\t\t\t\t<div data-dce-title-color=\"#FFFFFF\" class=\"elementor-element elementor-element-b1db6e8 elementor-widget elementor-widget-heading\" data-id=\"b1db6e8\" data-element_type=\"widget\" data-widget_type=\"heading.default\">\n\t\t\t\t\t<h4 class=\"elementor-heading-title elementor-size-default\">Perfumer\u00eda y cosm\u00e9tica<\/h4>\t\t\t\t<\/div>\n\t\t\t\t<\/a>\n\t\t\t\t\t<\/div>\n\t\t\t\t<\/div>\n\t\t\t\t<\/div>\n\t\t\t\t<div data-elementor-type=\"loop-item\" data-elementor-id=\"3012\" class=\"elementor elementor-3012 swiper-slide e-loop-item e-loop-item-45 post-45 attachment type-attachment status-inherit hentry\" data-elementor-post-type=\"elementor_library\" role=\"group\" aria-roledescription=\"slide\" data-custom-edit-handle=\"1\">\n\t\t\t<div class=\"elementor-element elementor-element-872e1da e-flex e-con-boxed e-con e-parent\" data-id=\"872e1da\" data-element_type=\"container\" data-settings=\"{&quot;background_background&quot;:&quot;classic&quot;}\">\n\t\t\t\t\t<div class=\"e-con-inner\">\n\t\t\t\t<div class=\"elementor-element elementor-element-fe2c430 dce_masking-none elementor-widget elementor-widget-image\" data-id=\"fe2c430\" data-element_type=\"widget\" data-widget_type=\"image.default\">\n\t\t\t\t\t\t\t\t\t\t\t\t\t\t\t\t<a href=\"https:\/\/faicom.activions.com\/es\/catalogo\/industria\/\">\n\t\t\t\t\t\t\t<img decoding=\"async\" src=\"https:\/\/faicom.activions.com\/wp-content\/uploads\/elementor\/thumbs\/packaging-industrial-rhxe06hn2m6tugazs1be97pagy1dktrez7j1v5hwhk.webp\" title=\"Packaging industrial\" alt=\"Packaging industrial\" loading=\"lazy\" \/>\t\t\t\t\t\t\t\t<\/a>\n\t\t\t\t\t\t\t\t\t\t\t\t\t\t\t<\/div>\n\t\t<a class=\"elementor-element elementor-element-594d336 e-con-full e-flex e-con e-child\" data-id=\"594d336\" data-element_type=\"container\" data-settings=\"{&quot;background_background&quot;:&quot;classic&quot;}\" href=\"https:\/\/faicom.activions.com\/es\/catalogo\/industria\/\">\n\t\t\t\t<div data-dce-title-color=\"#FFFFFF\" class=\"elementor-element elementor-element-b1db6e8 elementor-widget elementor-widget-heading\" data-id=\"b1db6e8\" data-element_type=\"widget\" data-widget_type=\"heading.default\">\n\t\t\t\t\t<h4 class=\"elementor-heading-title elementor-size-default\">Industria<\/h4>\t\t\t\t<\/div>\n\t\t\t\t<\/a>\n\t\t\t\t\t<\/div>\n\t\t\t\t<\/div>\n\t\t\t\t<\/div>\n\t\t\t\t<div data-elementor-type=\"loop-item\" data-elementor-id=\"3012\" class=\"elementor elementor-3012 swiper-slide e-loop-item e-loop-item-44 post-44 page type-page status-publish has-post-thumbnail hentry\" data-elementor-post-type=\"elementor_library\" role=\"group\" aria-roledescription=\"slide\" data-custom-edit-handle=\"1\">\n\t\t\t<div class=\"elementor-element elementor-element-872e1da e-flex e-con-boxed e-con e-parent\" data-id=\"872e1da\" data-element_type=\"container\" data-settings=\"{&quot;background_background&quot;:&quot;classic&quot;}\">\n\t\t\t\t\t<div class=\"e-con-inner\">\n\t\t<a class=\"elementor-element elementor-element-594d336 e-con-full e-flex e-con e-child\" data-id=\"594d336\" data-element_type=\"container\" data-settings=\"{&quot;background_background&quot;:&quot;classic&quot;}\" href=\"https:\/\/faicom.activions.com\/es\/catalogo\/hosteleria\/\">\n\t\t\t\t<div data-dce-title-color=\"#FFFFFF\" class=\"elementor-element elementor-element-b1db6e8 elementor-widget elementor-widget-heading\" data-id=\"b1db6e8\" data-element_type=\"widget\" data-widget_type=\"heading.default\">\n\t\t\t\t\t<h4 class=\"elementor-heading-title elementor-size-default\">Hosteler\u00eda<\/h4>\t\t\t\t<\/div>\n\t\t\t\t<\/a>\n\t\t\t\t\t<\/div>\n\t\t\t\t<\/div>\n\t\t\t\t<\/div>\n\t\t\t\t<div data-elementor-type=\"loop-item\" data-elementor-id=\"3012\" class=\"elementor elementor-3012 swiper-slide e-loop-item e-loop-item-43 post-43 attachment type-attachment status-inherit hentry\" data-elementor-post-type=\"elementor_library\" role=\"group\" aria-roledescription=\"slide\" data-custom-edit-handle=\"1\">\n\t\t\t<div class=\"elementor-element elementor-element-872e1da e-flex e-con-boxed e-con e-parent\" data-id=\"872e1da\" data-element_type=\"container\" data-settings=\"{&quot;background_background&quot;:&quot;classic&quot;}\">\n\t\t\t\t\t<div class=\"e-con-inner\">\n\t\t\t\t<div class=\"elementor-element elementor-element-fe2c430 dce_masking-none elementor-widget elementor-widget-image\" data-id=\"fe2c430\" data-element_type=\"widget\" data-widget_type=\"image.default\">\n\t\t\t\t\t\t\t\t\t\t\t\t\t\t\t\t<a href=\"https:\/\/faicom.activions.com\/es\/catalogo\/farmacia\/\">\n\t\t\t\t\t\t\t<img decoding=\"async\" src=\"https:\/\/faicom.activions.com\/wp-content\/uploads\/elementor\/thumbs\/packaging-para-productos-farmaceuticos-rhxe0hrpcmm9pruly66x34utlkhs57070rcvmh16ew.webp\" title=\"Packaging para productos farmaceuticos\" alt=\"Packaging para productos farmaceuticos\" loading=\"lazy\" \/>\t\t\t\t\t\t\t\t<\/a>\n\t\t\t\t\t\t\t\t\t\t\t\t\t\t\t<\/div>\n\t\t<a class=\"elementor-element elementor-element-594d336 e-con-full e-flex e-con e-child\" data-id=\"594d336\" data-element_type=\"container\" data-settings=\"{&quot;background_background&quot;:&quot;classic&quot;}\" href=\"https:\/\/faicom.activions.com\/es\/catalogo\/farmacia\/\">\n\t\t\t\t<div data-dce-title-color=\"#FFFFFF\" class=\"elementor-element elementor-element-b1db6e8 elementor-widget elementor-widget-heading\" data-id=\"b1db6e8\" data-element_type=\"widget\" data-widget_type=\"heading.default\">\n\t\t\t\t\t<h4 class=\"elementor-heading-title elementor-size-default\">Farmacia<\/h4>\t\t\t\t<\/div>\n\t\t\t\t<\/a>\n\t\t\t\t\t<\/div>\n\t\t\t\t<\/div>\n\t\t\t\t<\/div>\n\t\t\t\t<div data-elementor-type=\"loop-item\" data-elementor-id=\"3012\" class=\"elementor elementor-3012 swiper-slide e-loop-item e-loop-item-50 post-50 attachment type-attachment status-inherit hentry\" data-elementor-post-type=\"elementor_library\" role=\"group\" aria-roledescription=\"slide\" data-custom-edit-handle=\"1\">\n\t\t\t<div class=\"elementor-element elementor-element-872e1da e-flex e-con-boxed e-con e-parent\" data-id=\"872e1da\" data-element_type=\"container\" data-settings=\"{&quot;background_background&quot;:&quot;classic&quot;}\">\n\t\t\t\t\t<div class=\"e-con-inner\">\n\t\t\t\t<div class=\"elementor-element elementor-element-fe2c430 dce_masking-none elementor-widget elementor-widget-image\" data-id=\"fe2c430\" data-element_type=\"widget\" data-widget_type=\"image.default\">\n\t\t\t\t\t\t\t\t\t\t\t\t\t\t\t\t<a href=\"https:\/\/faicom.activions.com\/es\/catalogo\/displays-y-expositores\/\">\n\t\t\t\t\t\t\t<img decoding=\"async\" src=\"https:\/\/faicom.activions.com\/wp-content\/uploads\/elementor\/thumbs\/packaging-para-Displays-y-Expositores-rhxe0d2iegfu3q1fpm5s8o1imn4y2phjc43g8385a0.webp\" title=\"Packaging para Displays y Expositores\" alt=\"Packaging para Displays y Expositores\" loading=\"lazy\" \/>\t\t\t\t\t\t\t\t<\/a>\n\t\t\t\t\t\t\t\t\t\t\t\t\t\t\t<\/div>\n\t\t<a class=\"elementor-element elementor-element-594d336 e-con-full e-flex e-con e-child\" data-id=\"594d336\" data-element_type=\"container\" data-settings=\"{&quot;background_background&quot;:&quot;classic&quot;}\" href=\"https:\/\/faicom.activions.com\/es\/catalogo\/displays-y-expositores\/\">\n\t\t\t\t<div data-dce-title-color=\"#FFFFFF\" class=\"elementor-element elementor-element-b1db6e8 elementor-widget elementor-widget-heading\" data-id=\"b1db6e8\" data-element_type=\"widget\" data-widget_type=\"heading.default\">\n\t\t\t\t\t<h4 class=\"elementor-heading-title elementor-size-default\">Displays y expositores<\/h4>\t\t\t\t<\/div>\n\t\t\t\t<\/a>\n\t\t\t\t\t<\/div>\n\t\t\t\t<\/div>\n\t\t\t\t<\/div>\n\t\t\t\t<div data-elementor-type=\"loop-item\" data-elementor-id=\"3012\" class=\"elementor elementor-3012 swiper-slide e-loop-item e-loop-item-47 post-47 attachment type-attachment status-inherit hentry\" data-elementor-post-type=\"elementor_library\" role=\"group\" aria-roledescription=\"slide\" data-custom-edit-handle=\"1\">\n\t\t\t<div class=\"elementor-element elementor-element-872e1da e-flex e-con-boxed e-con e-parent\" data-id=\"872e1da\" data-element_type=\"container\" data-settings=\"{&quot;background_background&quot;:&quot;classic&quot;}\">\n\t\t\t\t\t<div class=\"e-con-inner\">\n\t\t\t\t<div class=\"elementor-element elementor-element-fe2c430 dce_masking-none elementor-widget elementor-widget-image\" data-id=\"fe2c430\" data-element_type=\"widget\" data-widget_type=\"image.default\">\n\t\t\t\t\t\t\t\t\t\t\t\t\t\t\t\t<a href=\"https:\/\/faicom.activions.com\/es\/catalogo\/colgadores-adhesivos-fastopper\/\">\n\t\t\t\t\t\t\t<img decoding=\"async\" src=\"https:\/\/faicom.activions.com\/wp-content\/uploads\/elementor\/thumbs\/Tiras-adhesivas-Fastopper-rhxe0kl7x4q4olqihpessm57dq3vsabe15bc2awzw8.webp\" title=\"Tiras adhesivas Fastopper\" alt=\"Tiras adhesivas Fastopper\" loading=\"lazy\" \/>\t\t\t\t\t\t\t\t<\/a>\n\t\t\t\t\t\t\t\t\t\t\t\t\t\t\t<\/div>\n\t\t<a class=\"elementor-element elementor-element-594d336 e-con-full e-flex e-con e-child\" data-id=\"594d336\" data-element_type=\"container\" data-settings=\"{&quot;background_background&quot;:&quot;classic&quot;}\" href=\"https:\/\/faicom.activions.com\/es\/catalogo\/colgadores-adhesivos-fastopper\/\">\n\t\t\t\t<div data-dce-title-color=\"#FFFFFF\" class=\"elementor-element elementor-element-b1db6e8 elementor-widget elementor-widget-heading\" data-id=\"b1db6e8\" data-element_type=\"widget\" data-widget_type=\"heading.default\">\n\t\t\t\t\t<h4 class=\"elementor-heading-title elementor-size-default\">Colgadores adhesivos Fastopper<\/h4>\t\t\t\t<\/div>\n\t\t\t\t<\/a>\n\t\t\t\t\t<\/div>\n\t\t\t\t<\/div>\n\t\t\t\t<\/div>\n\t\t\t\t<div data-elementor-type=\"loop-item\" data-elementor-id=\"3012\" class=\"elementor elementor-3012 swiper-slide e-loop-item e-loop-item-42 post-42 attachment type-attachment status-inherit hentry\" data-elementor-post-type=\"elementor_library\" role=\"group\" aria-roledescription=\"slide\" data-custom-edit-handle=\"1\">\n\t\t\t<div class=\"elementor-element elementor-element-872e1da e-flex e-con-boxed e-con e-parent\" data-id=\"872e1da\" data-element_type=\"container\" data-settings=\"{&quot;background_background&quot;:&quot;classic&quot;}\">\n\t\t\t\t\t<div class=\"e-con-inner\">\n\t\t\t\t<div class=\"elementor-element elementor-element-fe2c430 dce_masking-none elementor-widget elementor-widget-image\" data-id=\"fe2c430\" data-element_type=\"widget\" data-widget_type=\"image.default\">\n\t\t\t\t\t\t\t\t\t\t\t\t\t\t\t\t<a href=\"https:\/\/faicom.activions.com\/es\/catalogo\/bebidas\/\">\n\t\t\t\t\t\t\t<img decoding=\"async\" src=\"https:\/\/faicom.activions.com\/wp-content\/uploads\/elementor\/thumbs\/packaging-para-bebidas-rhxe0b6u0sd9gi460lcj3oilfve7nba2nush9jaxmg.webp\" title=\"Packaging para bebidas\" alt=\"Packaging para bebidas\" loading=\"lazy\" \/>\t\t\t\t\t\t\t\t<\/a>\n\t\t\t\t\t\t\t\t\t\t\t\t\t\t\t<\/div>\n\t\t<a class=\"elementor-element elementor-element-594d336 e-con-full e-flex e-con e-child\" data-id=\"594d336\" data-element_type=\"container\" data-settings=\"{&quot;background_background&quot;:&quot;classic&quot;}\" href=\"https:\/\/faicom.activions.com\/es\/catalogo\/bebidas\/\">\n\t\t\t\t<div data-dce-title-color=\"#FFFFFF\" class=\"elementor-element elementor-element-b1db6e8 elementor-widget elementor-widget-heading\" data-id=\"b1db6e8\" data-element_type=\"widget\" data-widget_type=\"heading.default\">\n\t\t\t\t\t<h4 class=\"elementor-heading-title elementor-size-default\">Bebidas<\/h4>\t\t\t\t<\/div>\n\t\t\t\t<\/a>\n\t\t\t\t\t<\/div>\n\t\t\t\t<\/div>\n\t\t\t\t<\/div>\n\t\t\t\t<div data-elementor-type=\"loop-item\" data-elementor-id=\"3012\" class=\"elementor elementor-3012 swiper-slide e-loop-item e-loop-item-41 post-41 attachment type-attachment status-inherit hentry\" data-elementor-post-type=\"elementor_library\" role=\"group\" aria-roledescription=\"slide\" data-custom-edit-handle=\"1\">\n\t\t\t<div class=\"elementor-element elementor-element-872e1da e-flex e-con-boxed e-con e-parent\" data-id=\"872e1da\" data-element_type=\"container\" data-settings=\"{&quot;background_background&quot;:&quot;classic&quot;}\">\n\t\t\t\t\t<div class=\"e-con-inner\">\n\t\t\t\t<div class=\"elementor-element elementor-element-fe2c430 dce_masking-none elementor-widget elementor-widget-image\" data-id=\"fe2c430\" data-element_type=\"widget\" data-widget_type=\"image.default\">\n\t\t\t\t\t\t\t\t\t\t\t\t\t\t\t\t<a href=\"https:\/\/faicom.activions.com\/es\/catalogo\/alimentacion\/\">\n\t\t\t\t\t\t\t<img decoding=\"async\" src=\"https:\/\/faicom.activions.com\/wp-content\/uploads\/elementor\/thumbs\/packaging-para-alimentacion-rhxe08dbga9eho89h24ne787nps407yvngu0tpf454.webp\" title=\"Packaging para alimentaci\u00f3n\" alt=\"Packaging para alimentaci\u00f3n\" loading=\"lazy\" \/>\t\t\t\t\t\t\t\t<\/a>\n\t\t\t\t\t\t\t\t\t\t\t\t\t\t\t<\/div>\n\t\t<a class=\"elementor-element elementor-element-594d336 e-con-full e-flex e-con e-child\" data-id=\"594d336\" data-element_type=\"container\" data-settings=\"{&quot;background_background&quot;:&quot;classic&quot;}\" href=\"https:\/\/faicom.activions.com\/es\/catalogo\/alimentacion\/\">\n\t\t\t\t<div data-dce-title-color=\"#FFFFFF\" class=\"elementor-element elementor-element-b1db6e8 elementor-widget elementor-widget-heading\" data-id=\"b1db6e8\" data-element_type=\"widget\" data-widget_type=\"heading.default\">\n\t\t\t\t\t<h4 class=\"elementor-heading-title elementor-size-default\">Alimentaci\u00f3n<\/h4>\t\t\t\t<\/div>\n\t\t\t\t<\/a>\n\t\t\t\t\t<\/div>\n\t\t\t\t<\/div>\n\t\t\t\t<\/div>\n\t\t\t\t<\/div>\n\t\t<\/div>\n\t\t\t\t\t<div class=\"elementor-swiper-button elementor-swiper-button-prev\" role=\"button\" tabindex=\"0\" aria-label=\"Anterior\">\n\t\t\t\t<svg aria-hidden=\"true\" class=\"e-font-icon-svg e-eicon-chevron-left\" viewBox=\"0 0 1000 1000\" xmlns=\"http:\/\/www.w3.org\/2000\/svg\"><path d=\"M646 125C629 125 613 133 604 142L308 442C296 454 292 471 292 487 292 504 296 521 308 533L604 854C617 867 629 875 646 875 663 875 679 871 692 858 704 846 713 829 713 812 713 796 708 779 692 767L438 487 692 225C700 217 708 204 708 187 708 171 704 154 692 142 675 129 663 125 646 125Z\"><\/path><\/svg>\t\t\t<\/div>\n\t\t\t<div class=\"elementor-swiper-button elementor-swiper-button-next\" role=\"button\" tabindex=\"0\" aria-label=\"Siguiente\">\n\t\t\t\t<svg aria-hidden=\"true\" class=\"e-font-icon-svg e-eicon-chevron-right\" viewBox=\"0 0 1000 1000\" xmlns=\"http:\/\/www.w3.org\/2000\/svg\"><path d=\"M696 533C708 521 713 504 713 487 713 471 708 454 696 446L400 146C388 133 375 125 354 125 338 125 325 129 313 142 300 154 292 171 292 187 292 204 296 221 308 233L563 492 304 771C292 783 288 800 288 817 288 833 296 850 308 863 321 871 338 875 354 875 371 875 388 867 400 854L696 533Z\"><\/path><\/svg>\t\t\t<\/div>\n\t\t\t\t\t<div class=\"swiper-pagination\"><\/div>\n\t\t\t\t\t\t<\/div>\n\t\t\t\t\t<\/div>\n\t\t\t\t<\/div>\n\t\t<div data-dce-background-image-url=\"https:\/\/faicom.activions.com\/wp-content\/uploads\/packaging-para-bebidas.webp\" class=\"elementor-element elementor-element-4ab2da2 e-flex e-con-boxed e-con e-parent\" data-id=\"4ab2da2\" data-element_type=\"container\" data-settings=\"{&quot;background_background&quot;:&quot;classic&quot;}\">\n\t\t\t\t\t<div class=\"e-con-inner\">\n\t\t\t\t\t<\/div>\n\t\t\t\t<\/div>\n\t\t\t\t<\/div>\n\t\t","protected":false},"excerpt":{"rendered":"<p>Descubre nuestro cat\u00e1logo Fabricaci\u00f3n de envases de cart\u00f3n, displays, expositores, cajas, etiquetas, colgadores, envases de laboratorio, envase de fondo autom\u00e1tico, envases para pizza, envases para palomitas, envases para patatas fritas, envases de 4 puntos, envases de microcanal y mucho m\u00e1s.<\/p>\n","protected":false},"author":1,"featured_media":0,"parent":0,"menu_order":0,"comment_status":"closed","ping_status":"closed","template":"","meta":{"footnotes":""},"class_list":["post-7","page","type-page","status-publish","hentry"],"_links":{"self":[{"href":"https:\/\/faicom.activions.com\/es\/wp-json\/wp\/v2\/pages\/7","targetHints":{"allow":["GET"]}}],"collection":[{"href":"https:\/\/faicom.activions.com\/es\/wp-json\/wp\/v2\/pages"}],"about":[{"href":"https:\/\/faicom.activions.com\/es\/wp-json\/wp\/v2\/types\/page"}],"author":[{"embeddable":true,"href":"https:\/\/faicom.activions.com\/es\/wp-json\/wp\/v2\/users\/1"}],"replies":[{"embeddable":true,"href":"https:\/\/faicom.activions.com\/es\/wp-json\/wp\/v2\/comments?post=7"}],"version-history":[{"count":35,"href":"https:\/\/faicom.activions.com\/es\/wp-json\/wp\/v2\/pages\/7\/revisions"}],"predecessor-version":[{"id":3149,"href":"https:\/\/faicom.activions.com\/es\/wp-json\/wp\/v2\/pages\/7\/revisions\/3149"}],"wp:attachment":[{"href":"https:\/\/faicom.activions.com\/es\/wp-json\/wp\/v2\/media?parent=7"}],"curies":[{"name":"wp","href":"https:\/\/api.w.org\/{rel}","templated":true}]}}